{"id":106,"date":"2025-09-25T16:21:10","date_gmt":"2025-09-25T14:21:10","guid":{"rendered":"https:\/\/clinicamarlengo.it\/?page_id=106"},"modified":"2026-01-06T14:25:24","modified_gmt":"2026-01-06T13:25:24","slug":"kontakt","status":"publish","type":"page","link":"https:\/\/clinicamarlengo.it\/?page_id=106&lang=de","title":{"rendered":"DE-Kontakt"},"content":{"rendered":"\n<div class=\"wp-block-columns are-vertically-aligned-center is-layout-flex wp-container-core-columns-is-layout-9d6595d7 wp-block-columns-is-layout-flex\">\n<div class=\"wp-block-column is-vertically-aligned-center is-layout-flow wp-block-column-is-layout-flow\" style=\"flex-basis:400px\">\n<p class=\"has-black-color has-text-color has-link-color wp-elements-a31191647ba97cf48b7a9a289ecb321c\" style=\"font-size:25px\"><strong>Tierklinik Marling<\/strong><\/p>\n\n\n\n<p><strong>Dr. Piervittorio Cantieri &#8211; Dr. Mauro Russo<\/strong><\/p>\n\n\n\n<p><strong>Dr. Eugenia Longo <\/strong><\/p>\n\n\n\n<p>Gampenstra\u00dfe 30\/1 &#8211;&nbsp;39020 Marling (BZ)<\/p>\n\n\n\n<p>MwSt:&nbsp;01717360216<\/p>\n\n\n\n<p><strong>Telefon: <a href=\"tel:0473447325\">0473 447325<\/a><\/strong><\/p>\n\n\n\n<p><strong><a href=\"mailto:info@clinicamarlengo.it\">info@clinicamarlengo.it<\/a><\/strong><\/p>\n<\/div>\n\n\n\n<div class=\"wp-block-column is-vertically-aligned-center is-layout-flow wp-block-column-is-layout-flow\" style=\"flex-basis:400px\">\n<iframe src=\"https:\/\/www.google.com\/maps\/embed?pb=!1m18!1m12!1m3!1d2738.6820100855366!2d11.143945712016343!3d46.6527946532336!2m3!1f0!2f0!3f0!3m2!1i1024!2i768!4f13.1!3m3!1m2!1s0x4782be98be0551e7%3A0xac1408ece80277a2!2sTierklinik%20Marling!5e0!3m2!1sde!2sit!4v1758816032851!5m2!1sde!2sit\" width=\"400\" height=\"300\" style=\"border:0;\" allowfullscreen=\"\" loading=\"lazy\" referrerpolicy=\"no-referrer-when-downgrade\"><\/iframe>\n<\/div>\n<\/div>\n\n\n\n<p>\ud83d\udcde &nbsp;<strong>Notfallnummer<\/strong> 338 7744297<\/p>\n\n\n\n<p>Unsere Notfallnummer ist ausschlie\u00dflich f\u00fcr <strong>akute und lebensbedrohliche Notf\u00e4lle<\/strong> vorgesehen.<br>Bitte rufen Sie diese daher <strong>nur bei akuten Notf\u00e4llen<\/strong> an.<\/p>\n\n\n\n<p>In allen anderen F\u00e4llen kontaktieren Sie uns bitte w\u00e4hrend der \u00d6ffnungszeiten oder vereinbaren Sie einen Termin.<\/p>\n\n\n\n<p><\/p>\n","protected":false},"excerpt":{"rendered":"<p>Tierklinik Marling Dr. Piervittorio Cantieri &#8211; Dr. Mauro Russo Dr. Eugenia Longo Gampenstra\u00dfe 30\/1 &#8211;&nbsp;39020 Marling (BZ) MwSt:&nbsp;01717360216 Telefon: 0473 447325 info@clinicamarlengo.it \ud83d\udcde &nbsp;Notfallnummer 338 7744297 Unsere Notfallnummer ist ausschlie\u00dflich &#8230;<\/p>\n","protected":false},"author":2,"featured_media":0,"parent":0,"menu_order":0,"comment_status":"closed","ping_status":"closed","template":"","meta":{"footnotes":""},"class_list":["post-106","page","type-page","status-publish","hentry"],"_links":{"self":[{"href":"https:\/\/clinicamarlengo.it\/index.php?rest_route=\/wp\/v2\/pages\/106","targetHints":{"allow":["GET"]}}],"collection":[{"href":"https:\/\/clinicamarlengo.it\/index.php?rest_route=\/wp\/v2\/pages"}],"about":[{"href":"https:\/\/clinicamarlengo.it\/index.php?rest_route=\/wp\/v2\/types\/page"}],"author":[{"embeddable":true,"href":"https:\/\/clinicamarlengo.it\/index.php?rest_route=\/wp\/v2\/users\/2"}],"replies":[{"embeddable":true,"href":"https:\/\/clinicamarlengo.it\/index.php?rest_route=%2Fwp%2Fv2%2Fcomments&post=106"}],"version-history":[{"count":11,"href":"https:\/\/clinicamarlengo.it\/index.php?rest_route=\/wp\/v2\/pages\/106\/revisions"}],"predecessor-version":[{"id":555,"href":"https:\/\/clinicamarlengo.it\/index.php?rest_route=\/wp\/v2\/pages\/106\/revisions\/555"}],"wp:attachment":[{"href":"https:\/\/clinicamarlengo.it\/index.php?rest_route=%2Fwp%2Fv2%2Fmedia&parent=106"}],"curies":[{"name":"wp","href":"https:\/\/api.w.org\/{rel}","templated":true}]}}