{"id":102,"date":"2025-09-25T16:20:11","date_gmt":"2025-09-25T14:20:11","guid":{"rendered":"https:\/\/clinicamarlengo.it\/?page_id=102"},"modified":"2025-12-31T13:09:00","modified_gmt":"2025-12-31T12:09:00","slug":"team-2","status":"publish","type":"page","link":"https:\/\/clinicamarlengo.it\/?page_id=102&lang=de","title":{"rendered":"DE-Team"},"content":{"rendered":"\n<h2 class=\"wp-block-heading has-text-align-center\"><strong><strong>Ein Team von Experten mit \u00fcber 30 Jahren Erfahrung<\/strong><\/strong><\/h2>\n\n\n\n<div class=\"wp-block-media-text is-stacked-on-mobile\"><figure class=\"wp-block-media-text__media\"><img loading=\"lazy\" decoding=\"async\" width=\"449\" height=\"449\" src=\"https:\/\/clinicamarlengo.it\/wp-content\/uploads\/2025\/09\/Dotto_Mauro_Russo-1000-1.jpg\" alt=\"\" class=\"wp-image-36 size-full\" srcset=\"https:\/\/clinicamarlengo.it\/wp-content\/uploads\/2025\/09\/Dotto_Mauro_Russo-1000-1.jpg 449w, https:\/\/clinicamarlengo.it\/wp-content\/uploads\/2025\/09\/Dotto_Mauro_Russo-1000-1-300x300.jpg 300w, https:\/\/clinicamarlengo.it\/wp-content\/uploads\/2025\/09\/Dotto_Mauro_Russo-1000-1-150x150.jpg 150w\" sizes=\"auto, (max-width: 449px) 100vw, 449px\" \/><\/figure><div class=\"wp-block-media-text__content\">\n<p class=\"has-text-color has-link-color wp-elements-0e1565032b5cc73f8b6279a1dd4054df\" style=\"color:#88c645;font-size:30px\"><strong><strong>\ud83e\ude7a Dr. Mauro \u2013 Tierarzt &amp; Chirurgie<\/strong><\/strong><\/p>\n\n\n\n<p>Dr. <strong>Mauro<\/strong> ist auf chirurgische Eingriffe spezialisiert. Mit <strong>langj\u00e4hriger Erfahrung<\/strong>, h\u00f6chster Pr\u00e4zision und gr\u00f6\u00dfter Sorgfalt f\u00fchrt er Operationen professionell und zuverl\u00e4ssig durch. Seine penible Arbeitsweise garantiert maximale Sicherheit f\u00fcr jedes Tier.<\/p>\n<\/div><\/div>\n\n\n\n<p><\/p>\n\n\n\n<div class=\"wp-block-media-text is-stacked-on-mobile\"><figure class=\"wp-block-media-text__media\"><img loading=\"lazy\" decoding=\"async\" width=\"449\" height=\"449\" src=\"https:\/\/clinicamarlengo.it\/wp-content\/uploads\/2025\/09\/Dottor_Piervittorio_Cantieri-1000.jpg\" alt=\"\" class=\"wp-image-37 size-full\" srcset=\"https:\/\/clinicamarlengo.it\/wp-content\/uploads\/2025\/09\/Dottor_Piervittorio_Cantieri-1000.jpg 449w, https:\/\/clinicamarlengo.it\/wp-content\/uploads\/2025\/09\/Dottor_Piervittorio_Cantieri-1000-300x300.jpg 300w, https:\/\/clinicamarlengo.it\/wp-content\/uploads\/2025\/09\/Dottor_Piervittorio_Cantieri-1000-150x150.jpg 150w\" sizes=\"auto, (max-width: 449px) 100vw, 449px\" \/><\/figure><div class=\"wp-block-media-text__content\">\n<p class=\"has-text-color has-link-color wp-elements-0ef104805193a5e0ac6251e63ee42cc1\" style=\"color:#88c645;font-size:30px\"><strong><strong>\ud83d\udc36\ud83d\udc31 Dr. Piervittorio \u2013 Tierarzt f\u00fcr Hunde &amp; Katzen<\/strong><\/strong><\/p>\n\n\n\n<p>Dr. <strong>Piervittorio<\/strong> verf\u00fcgt \u00fcber <strong>umfangreiche Erfahrung und fundiertes Fachwissen<\/strong> in der Behandlung von Hunden und Katzen. Mit Kompetenz, Ruhe und Einf\u00fchlungsverm\u00f6gen sorgt er f\u00fcr eine umfassende medizinische Betreuung unserer Kleintiere.<\/p>\n<\/div><\/div>\n\n\n\n<p><\/p>\n\n\n\n<div class=\"wp-block-media-text is-stacked-on-mobile\"><figure class=\"wp-block-media-text__media\"><img loading=\"lazy\" decoding=\"async\" width=\"449\" height=\"449\" src=\"https:\/\/clinicamarlengo.it\/wp-content\/uploads\/2025\/09\/Eugenia-1000-1.jpg\" alt=\"\" class=\"wp-image-40 size-full\" srcset=\"https:\/\/clinicamarlengo.it\/wp-content\/uploads\/2025\/09\/Eugenia-1000-1.jpg 449w, https:\/\/clinicamarlengo.it\/wp-content\/uploads\/2025\/09\/Eugenia-1000-1-300x300.jpg 300w, https:\/\/clinicamarlengo.it\/wp-content\/uploads\/2025\/09\/Eugenia-1000-1-150x150.jpg 150w\" sizes=\"auto, (max-width: 449px) 100vw, 449px\" \/><\/figure><div class=\"wp-block-media-text__content\">\n<p class=\"has-text-color has-link-color wp-elements-fce4b364fac555253225bb642bd76c8d\" style=\"color:#88c645;font-size:30px\"><strong><strong>\ud83d\udc3e Dr. Eugenia \u2013 Tier\u00e4rztin f\u00fcr alle Tierarten &amp; Chirurgie<\/strong><\/strong><\/p>\n\n\n\n<p>Dr. <strong>Eugenia<\/strong> behandelt <strong>alle Tierarten \u2013 von Haustieren bis hin zu exotischen Tieren<\/strong>. Sie vereint <strong>umfangreiches Wissen, langj\u00e4hrige Erfahrung und gro\u00dfe Tierliebe<\/strong> und f\u00fchrt zudem <strong>chirurgische Eingriffe<\/strong> mit Sorgfalt und Kompetenz durch.<\/p>\n<\/div><\/div>\n\n\n\n<p><\/p>\n","protected":false},"excerpt":{"rendered":"<p>Ein Team von Experten mit \u00fcber 30 Jahren Erfahrung \ud83e\ude7a Dr. Mauro \u2013 Tierarzt &amp; Chirurgie Dr. Mauro ist auf chirurgische Eingriffe spezialisiert. Mit langj\u00e4hriger Erfahrung, h\u00f6chster Pr\u00e4zision und gr\u00f6\u00dfter &#8230;<\/p>\n","protected":false},"author":2,"featured_media":0,"parent":0,"menu_order":0,"comment_status":"closed","ping_status":"closed","template":"","meta":{"footnotes":""},"class_list":["post-102","page","type-page","status-publish","hentry"],"_links":{"self":[{"href":"https:\/\/clinicamarlengo.it\/index.php?rest_route=\/wp\/v2\/pages\/102","targetHints":{"allow":["GET"]}}],"collection":[{"href":"https:\/\/clinicamarlengo.it\/index.php?rest_route=\/wp\/v2\/pages"}],"about":[{"href":"https:\/\/clinicamarlengo.it\/index.php?rest_route=\/wp\/v2\/types\/page"}],"author":[{"embeddable":true,"href":"https:\/\/clinicamarlengo.it\/index.php?rest_route=\/wp\/v2\/users\/2"}],"replies":[{"embeddable":true,"href":"https:\/\/clinicamarlengo.it\/index.php?rest_route=%2Fwp%2Fv2%2Fcomments&post=102"}],"version-history":[{"count":5,"href":"https:\/\/clinicamarlengo.it\/index.php?rest_route=\/wp\/v2\/pages\/102\/revisions"}],"predecessor-version":[{"id":433,"href":"https:\/\/clinicamarlengo.it\/index.php?rest_route=\/wp\/v2\/pages\/102\/revisions\/433"}],"wp:attachment":[{"href":"https:\/\/clinicamarlengo.it\/index.php?rest_route=%2Fwp%2Fv2%2Fmedia&parent=102"}],"curies":[{"name":"wp","href":"https:\/\/api.w.org\/{rel}","templated":true}]}}